{"id":763,"date":"2024-04-22T07:41:04","date_gmt":"2024-04-22T12:41:04","guid":{"rendered":"https:\/\/tbg.nrr.temporary.site\/website_64a21a8e\/?page_id=763"},"modified":"2024-05-23T12:18:03","modified_gmt":"2024-05-23T17:18:03","slug":"culturales","status":"publish","type":"page","link":"https:\/\/tbg.nrr.temporary.site\/website_64a21a8e\/culturales\/","title":{"rendered":"CULTURALES"},"content":{"rendered":"\n<div class=\"wp-block-columns is-layout-flex wp-container-core-columns-is-layout-28f84493 wp-block-columns-is-layout-flex\">\n<div class=\"wp-block-column has-pale-cyan-blue-background-color has-background is-layout-flow wp-block-column-is-layout-flow\">\n<p class=\"has-white-color has-midnight-gradient-background has-text-color has-background has-link-color wp-elements-bd9a211ce233183dfbc04bf896a746e2\">Pase del Ni\u00f1o<\/p>\n\n\n\n<p>El&nbsp;Pase del Ni\u00f1o&nbsp;presentaba dos matices fundamentales: el religioso, representado por las v\u00edsperas y la misa mayor con la imagen del&nbsp;Ni\u00f1o&nbsp;Dios.<\/p>\n<\/div>\n\n\n\n<div class=\"wp-block-column is-layout-flow wp-block-column-is-layout-flow\"><style id=\"wp_carousel_dynamic_css957\">#sp-wp-carousel-free-id-957 .wpcp-swiper-dots {margin: 40px 0px 0px 0px;}.wpcp-wrapper-957 .swiper-wrapper .swiper-slide-kenburn, .wpcp-wrapper-957 .swiper-wrapper, .wpcp-wrapper-957 .wpcpro-row{align-items: center;}#sp-wp-carousel-free-id-957 .wpcp-single-item {box-shadow: 0px 0px 0px 0px #dddddd;transition: all .3s;margin: 0px;}#sp-wp-carousel-free-id-957.swiper-flip .wpcp-single-item{margin: 0!important;}#sp-wp-carousel-free-id-957 .wpcp-single-item:hover {box-shadow: 0px 0px 0px 0px #dddddd;}#sp-wp-carousel-free-id-957.sp-wpcp-957 .wpcp-single-item {border: 1px solid #dddddd;}#sp-wp-carousel-free-id-957.sp-wpcp-957 .swiper-button-prev,#sp-wp-carousel-free-id-957.sp-wpcp-957 .swiper-button-next,#sp-wp-carousel-free-id-957.sp-wpcp-957 .swiper-button-prev:hover,#sp-wp-carousel-free-id-957.sp-wpcp-957 .swiper-button-next:hover {background: none;border: none;font-size: 30px;}#sp-wp-carousel-free-id-957.sp-wpcp-957 .swiper-button-prev i,#sp-wp-carousel-free-id-957.sp-wpcp-957 .swiper-button-next i {color: #aaa;}#sp-wp-carousel-free-id-957.sp-wpcp-957 .swiper-button-prev i:hover,#sp-wp-carousel-free-id-957.sp-wpcp-957 .swiper-button-next i:hover {color: #178087;}#sp-wp-carousel-free-id-957.sp-wpcp-957 .wpcp-swiper-dots .swiper-pagination-bullet {background-color: #cccccc;}#sp-wp-carousel-free-id-957.sp-wpcp-957 .wpcp-swiper-dots .swiper-pagination-bullet.swiper-pagination-bullet-active {background-color: #178087;} #sp-wp-carousel-free-id-957.sp-wpcp-957.wpcp-image-carousel .wpcp-single-item:hover img, #sp-wp-carousel-free-id-957.sp-wpcp-957.wpcp-post-carousel .wpcp-single-item:hover img, #sp-wp-carousel-free-id-957.sp-wpcp-957.wpcp-product-carousel .wpcp-single-item:hover img{-webkit-transform: scale(1.2);-moz-transform: scale(1.2);transform: scale(1.2);}#sp-wp-carousel-free-id-957 .wpcpro-row>[class*=\"wpcpro-col-\"] { padding: 0 10px; padding-bottom: 20px;} #sp-wp-carousel-free-id-957 .swiper-slide .single-item-fade:not(:last-child) { margin-right: 20px;}@media (min-width: 480px) { .wpcpro-row .wpcpro-col-sm-1 { flex: 0 0 100%; max-width: 100%; } .wpcpro-row .wpcpro-col-sm-2 { flex: 0 0 50%; max-width: 50%; } .wpcpro-row .wpcpro-col-sm-2-5 { flex: 0 0 75%; max-width: 75%; } .wpcpro-row .wpcpro-col-sm-3 { flex: 0 0 33.333%; max-width: 33.333%; } .wpcpro-row .wpcpro-col-sm-4 { flex: 0 0 25%; max-width: 25%; } .wpcpro-row .wpcpro-col-sm-5 { flex: 0 0 20%; max-width: 20%; } .wpcpro-row .wpcpro-col-sm-6 { flex: 0 0 16.66666666666667%; max-width: 16.66666666666667%; } .wpcpro-row .wpcpro-col-sm-7 { flex: 0 0 14.28571428%; max-width: 14.28571428%; } .wpcpro-row .wpcpro-col-sm-8 { flex: 0 0 12.5%; max-width: 12.5%; } } @media (max-width: 480px) { .wpcpro-row .wpcpro-col-xs-1 { flex: 0 0 100%; max-width: 100%; } .wpcpro-row .wpcpro-col-xs-2 { flex: 0 0 50%; max-width: 50%; } .wpcpro-row .wpcpro-col-xs-3 { flex: 0 0 33.222%; max-width: 33.222%; } .wpcpro-row .wpcpro-col-xs-4 { flex: 0 0 25%; max-width: 25%; } .wpcpro-row .wpcpro-col-xs-5 { flex: 0 0 20%; max-width: 20%; } .wpcpro-row .wpcpro-col-xs-6 { flex: 0 0 16.6667%; max-width: 16.6667%; } .wpcpro-row .wpcpro-col-xs-7 { flex: 0 0 14.28571428%; max-width: 14.28571428%; } .wpcpro-row .wpcpro-col-xs-8 { flex: 0 0 12.5%; max-width: 12.5%; } } @media (min-width: 736px) { .wpcpro-row .wpcpro-col-md-1 { flex: 0 0 100%; max-width: 100%; } .wpcpro-row .wpcpro-col-md-2 { flex: 0 0 50%; max-width: 50%; } .wpcpro-row .wpcpro-col-md-2-5 { flex: 0 0 75%; max-width: 75%; } .wpcpro-row .wpcpro-col-md-3 { flex: 0 0 33.333%; max-width: 33.333%; } .wpcpro-row .wpcpro-col-md-4 { flex: 0 0 25%; max-width: 25%; } .wpcpro-row .wpcpro-col-md-5 { flex: 0 0 20%; max-width: 20%; } .wpcpro-row .wpcpro-col-md-6 { flex: 0 0 16.66666666666667%; max-width: 16.66666666666667%; } .wpcpro-row .wpcpro-col-md-7 { flex: 0 0 14.28571428%; max-width: 14.28571428%; } .wpcpro-row .wpcpro-col-md-8 { flex: 0 0 12.5%; max-width: 12.5%; } } @media (min-width: 980px) { .wpcpro-row .wpcpro-col-lg-1 { flex: 0 0 100%; max-width: 100%; } .wpcpro-row .wpcpro-col-lg-2 { flex: 0 0 50%; max-width: 50%; } .wpcpro-row .wpcpro-col-lg-3 { flex: 0 0 33.222%; max-width: 33.222%; } .wpcpro-row .wpcpro-col-lg-4 { flex: 0 0 25%; max-width: 25%; } .wpcpro-row .wpcpro-col-lg-5 { flex: 0 0 20%; max-width: 20%; } .wpcpro-row .wpcpro-col-lg-6 { flex: 0 0 16.6667%; max-width: 16.6667%; } .wpcpro-row .wpcpro-col-lg-7 { flex: 0 0 14.28571428%; max-width: 14.28571428%; } .wpcpro-row .wpcpro-col-lg-8 { flex: 0 0 12.5%; max-width: 12.5%; } } @media (min-width: 1200px) { .wpcpro-row .wpcpro-col-xl-1 { flex: 0 0 100%; max-width: 100%; } .wpcpro-row .wpcpro-col-xl-2 { flex: 0 0 50%; max-width: 50%; } .wpcpro-row .wpcpro-col-xl-3 { flex: 0 0 33.22222222%; max-width: 33.22222222%; } .wpcpro-row .wpcpro-col-xl-4 { flex: 0 0 25%; max-width: 25%; } .wpcpro-row .wpcpro-col-xl-5 { flex: 0 0 20%; max-width: 20%; } .wpcpro-row .wpcpro-col-xl-6 { flex: 0 0 16.66667%; max-width: 16.66667%; } .wpcpro-row .wpcpro-col-xl-7 { flex: 0 0 14.28571428%; max-width: 14.28571428%; } .wpcpro-row .wpcpro-col-xl-8 { flex: 0 0 12.5%; max-width: 12.5%; } }<\/style><div class=\"wpcp-carousel-wrapper wpcp-wrapper-957\">\n\t<div id=\"wpcp-preloader-957\" class=\"wpcp-carousel-preloader\"><img decoding=\"async\" src=\"https:\/\/tbg.nrr.temporary.site\/website_64a21a8e\/wp-content\/plugins\/wp-carousel-free\/public\/css\/spinner.svg\" alt=\"Preloader Image\" \/><\/div>\t<div class=\"wpcp-carousel-content-wrapper\">\n\t<div id=\"sp-wp-carousel-free-id-957\" class=\"wpcp-carousel-section sp-wpcp-957  nav-vertical-center wpcp-image-carousel wpcp-preloader wpcp-standard\" data-swiper='{ &quot;accessibility&quot;:true, &quot;spaceBetween&quot;:20, &quot;arrows&quot;:true, &quot;freeMode&quot;: false, &quot;autoplay&quot;:true, &quot;effect&quot;: &quot;&quot;, &quot;centerMode&quot;: false, &quot;autoplaySpeed&quot;:3000, &quot;dots&quot;:true, &quot;infinite&quot;:true, &quot;speed&quot;:600, &quot;pauseOnHover&quot;:true,\n\t\t\t&quot;slidesToShow&quot;:{&quot;lg_desktop&quot;:1, &quot;desktop&quot;: 4, &quot;laptop&quot;: 3, &quot;tablet&quot;: 2, &quot;mobile&quot;: 1}, &quot;responsive&quot;:{&quot;desktop&quot;:1200, &quot;laptop&quot;: 980, &quot;tablet&quot;: 736, &quot;mobile&quot;: 480}, &quot;rtl&quot;:false, &quot;lazyLoad&quot;: &quot;false&quot;, &quot;swipe&quot;: true, &quot;draggable&quot;: true, &quot;swipeToSlide&quot;:false }' dir=\"ltr\">\n\t\t<div class=\"swiper-wrapper\">\n\t\t<div class=\"swiper-slide\">\n\t<div class=\"wpcp-single-item\">\n\t\t\t<a class=\"wcp-light-box\" data-buttons='[\"close\"]' data-wpc_url='https:\/\/tbg.nrr.temporary.site\/website_64a21a8e\/wp-content\/uploads\/2024\/04\/IMG_20191218_125400.jpg' href=\"https:\/\/tbg.nrr.temporary.site\/website_64a21a8e\/wp-content\/uploads\/2024\/04\/IMG_20191218_125400.jpg\" data-fancybox=\"wpcp_view\">\n\t\t<figure>\n\t\t\t<img loading=\"lazy\" decoding=\"async\" class=\"skip-lazy\" src=\"https:\/\/tbg.nrr.temporary.site\/website_64a21a8e\/wp-content\/uploads\/2024\/04\/IMG_20191218_125400.jpg\" alt=\"IMG_20191218_125400\" width=\"736\" height=\"552\">\t\t<\/figure>\n\t<\/a>\n\t\t<\/div>\n<\/div>\n\t<div class=\"swiper-slide\">\n\t<div class=\"wpcp-single-item\">\n\t\t\t<a class=\"wcp-light-box\" data-buttons='[\"close\"]' data-wpc_url='https:\/\/tbg.nrr.temporary.site\/website_64a21a8e\/wp-content\/uploads\/2024\/04\/IMG_20211222_104500.jpg' href=\"https:\/\/tbg.nrr.temporary.site\/website_64a21a8e\/wp-content\/uploads\/2024\/04\/IMG_20211222_104500.jpg\" data-fancybox=\"wpcp_view\">\n\t\t<figure>\n\t\t\t<img loading=\"lazy\" decoding=\"async\" class=\"skip-lazy\" src=\"https:\/\/tbg.nrr.temporary.site\/website_64a21a8e\/wp-content\/uploads\/2024\/04\/IMG_20211222_104500.jpg\" alt=\"IMG_20211222_104500\" width=\"736\" height=\"552\">\t\t<\/figure>\n\t<\/a>\n\t\t<\/div>\n<\/div>\n\t<div class=\"swiper-slide\">\n\t<div class=\"wpcp-single-item\">\n\t\t\t<a class=\"wcp-light-box\" data-buttons='[\"close\"]' data-wpc_url='https:\/\/tbg.nrr.temporary.site\/website_64a21a8e\/wp-content\/uploads\/2024\/04\/DSC00254-768x432.jpg' href=\"https:\/\/tbg.nrr.temporary.site\/website_64a21a8e\/wp-content\/uploads\/2024\/04\/DSC00254-scaled.jpg\" data-fancybox=\"wpcp_view\">\n\t\t<figure>\n\t\t\t<img loading=\"lazy\" decoding=\"async\" class=\"skip-lazy\" src=\"https:\/\/tbg.nrr.temporary.site\/website_64a21a8e\/wp-content\/uploads\/2024\/04\/DSC00254-768x432.jpg\" alt=\"DSC00254\" width=\"768\" height=\"432\">\t\t<\/figure>\n\t<\/a>\n\t\t<\/div>\n<\/div>\n\t\t\t<\/div>\n\t\t\t\t\t<div class=\"wpcp-swiper-dots swiper-pagination\"><\/div>\n\t\t\t\t<!-- If we need navigation buttons -->\n\t\t\t\t\t<div class=\"wpcp-prev-button swiper-button-prev\"><i class=\"fa fa-angle-left\"><\/i><\/div>\n\t\t\t<div class=\"wpcp-next-button swiper-button-next\"><i class=\"fa fa-angle-right\"><\/i><\/div>\n\t\t\t<\/div>\n\t<\/div>\n<\/div>\n\n<\/div>\n<\/div>\n\n\n\n<div class=\"wp-block-columns is-layout-flex wp-container-core-columns-is-layout-28f84493 wp-block-columns-is-layout-flex\">\n<div class=\"wp-block-column is-layout-flow wp-block-column-is-layout-flow\">\n<p class=\"has-pale-cyan-blue-background-color has-background\">La&nbsp;casona&nbsp;del Centro de Formaci\u00f3n de Misioneras Ind\u00edgenas, en la comuna de Huaicopungo, en San Antonio de&nbsp;Ibarra,&nbsp;Imbabura, construida aproximadamente hace tres d\u00e9cadas, luce remozada.<\/p>\n<\/div>\n\n\n\n<div class=\"wp-block-column is-layout-flow wp-block-column-is-layout-flow\"><style id=\"wp_carousel_dynamic_css964\">#sp-wp-carousel-free-id-964 .wpcp-swiper-dots {margin: 40px 0px 0px 0px;}.wpcp-wrapper-964 .swiper-wrapper .swiper-slide-kenburn, .wpcp-wrapper-964 .swiper-wrapper, .wpcp-wrapper-964 .wpcpro-row{align-items: center;}#sp-wp-carousel-free-id-964 .wpcp-single-item {box-shadow: 0px 0px 0px 0px #dddddd;transition: all .3s;margin: 0px;}#sp-wp-carousel-free-id-964.swiper-flip .wpcp-single-item{margin: 0!important;}#sp-wp-carousel-free-id-964 .wpcp-single-item:hover {box-shadow: 0px 0px 0px 0px #dddddd;}#sp-wp-carousel-free-id-964.sp-wpcp-964 .wpcp-single-item {border: 1px solid #dddddd;}#sp-wp-carousel-free-id-964.sp-wpcp-964 .swiper-button-prev,#sp-wp-carousel-free-id-964.sp-wpcp-964 .swiper-button-next,#sp-wp-carousel-free-id-964.sp-wpcp-964 .swiper-button-prev:hover,#sp-wp-carousel-free-id-964.sp-wpcp-964 .swiper-button-next:hover {background: none;border: none;font-size: 30px;}#sp-wp-carousel-free-id-964.sp-wpcp-964 .swiper-button-prev i,#sp-wp-carousel-free-id-964.sp-wpcp-964 .swiper-button-next i {color: #aaa;}#sp-wp-carousel-free-id-964.sp-wpcp-964 .swiper-button-prev i:hover,#sp-wp-carousel-free-id-964.sp-wpcp-964 .swiper-button-next i:hover {color: #178087;}#sp-wp-carousel-free-id-964.sp-wpcp-964 .wpcp-swiper-dots .swiper-pagination-bullet {background-color: #cccccc;}#sp-wp-carousel-free-id-964.sp-wpcp-964 .wpcp-swiper-dots .swiper-pagination-bullet.swiper-pagination-bullet-active {background-color: #178087;} #sp-wp-carousel-free-id-964.sp-wpcp-964.wpcp-image-carousel .wpcp-single-item:hover img, #sp-wp-carousel-free-id-964.sp-wpcp-964.wpcp-post-carousel .wpcp-single-item:hover img, #sp-wp-carousel-free-id-964.sp-wpcp-964.wpcp-product-carousel .wpcp-single-item:hover img{-webkit-transform: scale(1.2);-moz-transform: scale(1.2);transform: scale(1.2);}#sp-wp-carousel-free-id-964 .wpcpro-row>[class*=\"wpcpro-col-\"] { padding: 0 10px; padding-bottom: 20px;} #sp-wp-carousel-free-id-964 .swiper-slide .single-item-fade:not(:last-child) { margin-right: 20px;}@media (min-width: 480px) { .wpcpro-row .wpcpro-col-sm-1 { flex: 0 0 100%; max-width: 100%; } .wpcpro-row .wpcpro-col-sm-2 { flex: 0 0 50%; max-width: 50%; } .wpcpro-row .wpcpro-col-sm-2-5 { flex: 0 0 75%; max-width: 75%; } .wpcpro-row .wpcpro-col-sm-3 { flex: 0 0 33.333%; max-width: 33.333%; } .wpcpro-row .wpcpro-col-sm-4 { flex: 0 0 25%; max-width: 25%; } .wpcpro-row .wpcpro-col-sm-5 { flex: 0 0 20%; max-width: 20%; } .wpcpro-row .wpcpro-col-sm-6 { flex: 0 0 16.66666666666667%; max-width: 16.66666666666667%; } .wpcpro-row .wpcpro-col-sm-7 { flex: 0 0 14.28571428%; max-width: 14.28571428%; } .wpcpro-row .wpcpro-col-sm-8 { flex: 0 0 12.5%; max-width: 12.5%; } } @media (max-width: 480px) { .wpcpro-row .wpcpro-col-xs-1 { flex: 0 0 100%; max-width: 100%; } .wpcpro-row .wpcpro-col-xs-2 { flex: 0 0 50%; max-width: 50%; } .wpcpro-row .wpcpro-col-xs-3 { flex: 0 0 33.222%; max-width: 33.222%; } .wpcpro-row .wpcpro-col-xs-4 { flex: 0 0 25%; max-width: 25%; } .wpcpro-row .wpcpro-col-xs-5 { flex: 0 0 20%; max-width: 20%; } .wpcpro-row .wpcpro-col-xs-6 { flex: 0 0 16.6667%; max-width: 16.6667%; } .wpcpro-row .wpcpro-col-xs-7 { flex: 0 0 14.28571428%; max-width: 14.28571428%; } .wpcpro-row .wpcpro-col-xs-8 { flex: 0 0 12.5%; max-width: 12.5%; } } @media (min-width: 736px) { .wpcpro-row .wpcpro-col-md-1 { flex: 0 0 100%; max-width: 100%; } .wpcpro-row .wpcpro-col-md-2 { flex: 0 0 50%; max-width: 50%; } .wpcpro-row .wpcpro-col-md-2-5 { flex: 0 0 75%; max-width: 75%; } .wpcpro-row .wpcpro-col-md-3 { flex: 0 0 33.333%; max-width: 33.333%; } .wpcpro-row .wpcpro-col-md-4 { flex: 0 0 25%; max-width: 25%; } .wpcpro-row .wpcpro-col-md-5 { flex: 0 0 20%; max-width: 20%; } .wpcpro-row .wpcpro-col-md-6 { flex: 0 0 16.66666666666667%; max-width: 16.66666666666667%; } .wpcpro-row .wpcpro-col-md-7 { flex: 0 0 14.28571428%; max-width: 14.28571428%; } .wpcpro-row .wpcpro-col-md-8 { flex: 0 0 12.5%; max-width: 12.5%; } } @media (min-width: 980px) { .wpcpro-row .wpcpro-col-lg-1 { flex: 0 0 100%; max-width: 100%; } .wpcpro-row .wpcpro-col-lg-2 { flex: 0 0 50%; max-width: 50%; } .wpcpro-row .wpcpro-col-lg-3 { flex: 0 0 33.222%; max-width: 33.222%; } .wpcpro-row .wpcpro-col-lg-4 { flex: 0 0 25%; max-width: 25%; } .wpcpro-row .wpcpro-col-lg-5 { flex: 0 0 20%; max-width: 20%; } .wpcpro-row .wpcpro-col-lg-6 { flex: 0 0 16.6667%; max-width: 16.6667%; } .wpcpro-row .wpcpro-col-lg-7 { flex: 0 0 14.28571428%; max-width: 14.28571428%; } .wpcpro-row .wpcpro-col-lg-8 { flex: 0 0 12.5%; max-width: 12.5%; } } @media (min-width: 1200px) { .wpcpro-row .wpcpro-col-xl-1 { flex: 0 0 100%; max-width: 100%; } .wpcpro-row .wpcpro-col-xl-2 { flex: 0 0 50%; max-width: 50%; } .wpcpro-row .wpcpro-col-xl-3 { flex: 0 0 33.22222222%; max-width: 33.22222222%; } .wpcpro-row .wpcpro-col-xl-4 { flex: 0 0 25%; max-width: 25%; } .wpcpro-row .wpcpro-col-xl-5 { flex: 0 0 20%; max-width: 20%; } .wpcpro-row .wpcpro-col-xl-6 { flex: 0 0 16.66667%; max-width: 16.66667%; } .wpcpro-row .wpcpro-col-xl-7 { flex: 0 0 14.28571428%; max-width: 14.28571428%; } .wpcpro-row .wpcpro-col-xl-8 { flex: 0 0 12.5%; max-width: 12.5%; } }<\/style><div class=\"wpcp-carousel-wrapper wpcp-wrapper-964\">\n\t<div id=\"wpcp-preloader-964\" class=\"wpcp-carousel-preloader\"><img decoding=\"async\" src=\"https:\/\/tbg.nrr.temporary.site\/website_64a21a8e\/wp-content\/plugins\/wp-carousel-free\/public\/css\/spinner.svg\" alt=\"Preloader Image\" \/><\/div>\t<div class=\"wpcp-carousel-content-wrapper\">\n\t<div id=\"sp-wp-carousel-free-id-964\" class=\"wpcp-carousel-section sp-wpcp-964  nav-vertical-center wpcp-image-carousel wpcp-preloader wpcp-standard\" data-swiper='{ &quot;accessibility&quot;:true, &quot;spaceBetween&quot;:20, &quot;arrows&quot;:true, &quot;freeMode&quot;: false, &quot;autoplay&quot;:true, &quot;effect&quot;: &quot;&quot;, &quot;centerMode&quot;: false, &quot;autoplaySpeed&quot;:3000, &quot;dots&quot;:true, &quot;infinite&quot;:true, &quot;speed&quot;:600, &quot;pauseOnHover&quot;:true,\n\t\t\t&quot;slidesToShow&quot;:{&quot;lg_desktop&quot;:1, &quot;desktop&quot;: 4, &quot;laptop&quot;: 3, &quot;tablet&quot;: 2, &quot;mobile&quot;: 1}, &quot;responsive&quot;:{&quot;desktop&quot;:1200, &quot;laptop&quot;: 980, &quot;tablet&quot;: 736, &quot;mobile&quot;: 480}, &quot;rtl&quot;:false, &quot;lazyLoad&quot;: &quot;false&quot;, &quot;swipe&quot;: true, &quot;draggable&quot;: true, &quot;swipeToSlide&quot;:false }' dir=\"ltr\">\n\t\t<div class=\"swiper-wrapper\">\n\t\t<div class=\"swiper-slide\">\n\t<div class=\"wpcp-single-item\">\n\t\t\t<a class=\"wcp-light-box\" data-buttons='[\"close\"]' data-wpc_url='https:\/\/tbg.nrr.temporary.site\/website_64a21a8e\/wp-content\/uploads\/2024\/04\/IMG_20220831_095027-1.jpg' href=\"https:\/\/tbg.nrr.temporary.site\/website_64a21a8e\/wp-content\/uploads\/2024\/04\/IMG_20220831_095027-1.jpg\" data-fancybox=\"wpcp_view\">\n\t\t<figure>\n\t\t\t<img loading=\"lazy\" decoding=\"async\" class=\"skip-lazy\" src=\"https:\/\/tbg.nrr.temporary.site\/website_64a21a8e\/wp-content\/uploads\/2024\/04\/IMG_20220831_095027-1.jpg\" alt=\"IMG_20220831_095027\" width=\"735\" height=\"552\">\t\t<\/figure>\n\t<\/a>\n\t\t<\/div>\n<\/div>\n\t<div class=\"swiper-slide\">\n\t<div class=\"wpcp-single-item\">\n\t\t\t<a class=\"wcp-light-box\" data-buttons='[\"close\"]' data-wpc_url='https:\/\/tbg.nrr.temporary.site\/website_64a21a8e\/wp-content\/uploads\/2024\/04\/IMG_20220831_094043-1.jpg' href=\"https:\/\/tbg.nrr.temporary.site\/website_64a21a8e\/wp-content\/uploads\/2024\/04\/IMG_20220831_094043-1.jpg\" data-fancybox=\"wpcp_view\">\n\t\t<figure>\n\t\t\t<img loading=\"lazy\" decoding=\"async\" class=\"skip-lazy\" src=\"https:\/\/tbg.nrr.temporary.site\/website_64a21a8e\/wp-content\/uploads\/2024\/04\/IMG_20220831_094043-1.jpg\" alt=\"IMG_20220831_094043\" width=\"736\" height=\"552\">\t\t<\/figure>\n\t<\/a>\n\t\t<\/div>\n<\/div>\n\t<div class=\"swiper-slide\">\n\t<div class=\"wpcp-single-item\">\n\t\t\t<a class=\"wcp-light-box\" data-buttons='[\"close\"]' data-wpc_url='https:\/\/tbg.nrr.temporary.site\/website_64a21a8e\/wp-content\/uploads\/2024\/04\/IMG_20220831_100053.jpg' href=\"https:\/\/tbg.nrr.temporary.site\/website_64a21a8e\/wp-content\/uploads\/2024\/04\/IMG_20220831_100053.jpg\" data-fancybox=\"wpcp_view\">\n\t\t<figure>\n\t\t\t<img loading=\"lazy\" decoding=\"async\" class=\"skip-lazy\" src=\"https:\/\/tbg.nrr.temporary.site\/website_64a21a8e\/wp-content\/uploads\/2024\/04\/IMG_20220831_100053.jpg\" alt=\"IMG_20220831_100053\" width=\"735\" height=\"552\">\t\t<\/figure>\n\t<\/a>\n\t\t<\/div>\n<\/div>\n\t\t\t<\/div>\n\t\t\t\t\t<div class=\"wpcp-swiper-dots swiper-pagination\"><\/div>\n\t\t\t\t<!-- If we need navigation buttons -->\n\t\t\t\t\t<div class=\"wpcp-prev-button swiper-button-prev\"><i class=\"fa fa-angle-left\"><\/i><\/div>\n\t\t\t<div class=\"wpcp-next-button swiper-button-next\"><i class=\"fa fa-angle-right\"><\/i><\/div>\n\t\t\t<\/div>\n\t<\/div>\n<\/div>\n\n<\/div>\n<\/div>\n","protected":false},"excerpt":{"rendered":"<p>Pase del Ni\u00f1o El&nbsp;Pase del Ni\u00f1o&nbsp;presentaba dos matices fundamentales: el religioso, representado por las v\u00edsperas y la misa mayor con la imagen del&nbsp;Ni\u00f1o&nbsp;Dios. La&nbsp;casona&nbsp;del Centro de Formaci\u00f3n de Misioneras Ind\u00edgenas, en la comuna de Huaicopungo, en San Antonio de&nbsp;Ibarra,&nbsp;Imbabura, construida aproximadamente hace tres d\u00e9cadas, luce remozada.<\/p>\n","protected":false},"author":4,"featured_media":0,"parent":0,"menu_order":0,"comment_status":"closed","ping_status":"closed","template":"","meta":{"footnotes":""},"class_list":["post-763","page","type-page","status-publish","hentry","wpbf-post"],"_links":{"self":[{"href":"https:\/\/tbg.nrr.temporary.site\/website_64a21a8e\/wp-json\/wp\/v2\/pages\/763","targetHints":{"allow":["GET"]}}],"collection":[{"href":"https:\/\/tbg.nrr.temporary.site\/website_64a21a8e\/wp-json\/wp\/v2\/pages"}],"about":[{"href":"https:\/\/tbg.nrr.temporary.site\/website_64a21a8e\/wp-json\/wp\/v2\/types\/page"}],"author":[{"embeddable":true,"href":"https:\/\/tbg.nrr.temporary.site\/website_64a21a8e\/wp-json\/wp\/v2\/users\/4"}],"replies":[{"embeddable":true,"href":"https:\/\/tbg.nrr.temporary.site\/website_64a21a8e\/wp-json\/wp\/v2\/comments?post=763"}],"version-history":[{"count":6,"href":"https:\/\/tbg.nrr.temporary.site\/website_64a21a8e\/wp-json\/wp\/v2\/pages\/763\/revisions"}],"predecessor-version":[{"id":1440,"href":"https:\/\/tbg.nrr.temporary.site\/website_64a21a8e\/wp-json\/wp\/v2\/pages\/763\/revisions\/1440"}],"wp:attachment":[{"href":"https:\/\/tbg.nrr.temporary.site\/website_64a21a8e\/wp-json\/wp\/v2\/media?parent=763"}],"curies":[{"name":"wp","href":"https:\/\/api.w.org\/{rel}","templated":true}]}}