{"id":708,"date":"2024-04-12T09:06:48","date_gmt":"2024-04-12T14:06:48","guid":{"rendered":"https:\/\/tbg.nrr.temporary.site\/website_64a21a8e\/?page_id=708"},"modified":"2024-05-22T09:27:30","modified_gmt":"2024-05-22T14:27:30","slug":"virtual-sincronica","status":"publish","type":"page","link":"https:\/\/tbg.nrr.temporary.site\/website_64a21a8e\/virtual-sincronica\/","title":{"rendered":"VIRTUAL"},"content":{"rendered":"\n<figure class=\"wp-block-image aligncenter size-large is-resized\"><img loading=\"lazy\" decoding=\"async\" width=\"1024\" height=\"724\" src=\"https:\/\/tbg.nrr.temporary.site\/website_64a21a8e\/wp-content\/uploads\/2024\/05\/Horario-planetas-ilustrado-azul-4-1024x724.png\" alt=\"\" class=\"wp-image-1427\" style=\"width:700px\" srcset=\"https:\/\/tbg.nrr.temporary.site\/website_64a21a8e\/wp-content\/uploads\/2024\/05\/Horario-planetas-ilustrado-azul-4-1024x724.png 1024w, https:\/\/tbg.nrr.temporary.site\/website_64a21a8e\/wp-content\/uploads\/2024\/05\/Horario-planetas-ilustrado-azul-4-300x212.png 300w, https:\/\/tbg.nrr.temporary.site\/website_64a21a8e\/wp-content\/uploads\/2024\/05\/Horario-planetas-ilustrado-azul-4-768x543.png 768w, https:\/\/tbg.nrr.temporary.site\/website_64a21a8e\/wp-content\/uploads\/2024\/05\/Horario-planetas-ilustrado-azul-4-1536x1086.png 1536w, https:\/\/tbg.nrr.temporary.site\/website_64a21a8e\/wp-content\/uploads\/2024\/05\/Horario-planetas-ilustrado-azul-4.png 2000w\" sizes=\"auto, (max-width: 1024px) 100vw, 1024px\" \/><\/figure>\n\n\n\n<p class=\"has-white-color has-vivid-cyan-blue-background-color has-text-color has-background has-link-color has-medium-font-size wp-elements-7e56f5e1849191191e6d2be1658d22a3\">El aprendizaje, en la oferta VIRTUAL, se realiza a trav\u00e9s de:<\/p>\n\n\n\n<p class=\"has-black-color has-pale-cyan-blue-background-color has-text-color has-background has-link-color has-medium-font-size wp-elements-3ecb92efd5c994504ad5343ec3a9f86d\"><strong>Material did\u00e1ctico.- <\/strong>Textos, separatas y videos, materiales que son entregados o socializados al inicio del per\u00edodo acad\u00e9mico.<br><strong>Gu\u00edas did\u00e1cticas.- <\/strong>Instrumento en el cual est\u00e1 la selecci\u00f3n de contenidos y organizados por semanas detallando las actividades para la exploraci\u00f3n de conocimientos mediante las actividades previas, la distribuci\u00f3n de la tem\u00e1tica a trabajar cada semana y las actividades de evaluaci\u00f3n y seguimiento del aprendizaje.<br><strong>Reuni\u00f3n virtual sincr\u00f3nica obligatoria<\/strong>.- El estudiante debe conectarse obligatoriamente a todas las reuniones virtuales con la c\u00e1mara encendida y participar activamente en las clases.<br><strong>Tutor\u00edas Virtuales complementaria<\/strong>s.- En la cual el estudiante es orientado, apoyado y evaluado en el avance de su aprendizaje<br><strong>Entregar las tareas<\/strong>.- Subir puntualmente a la plataforma semanalmente en las fechas indicadas por los docentes.<\/p>\n","protected":false},"excerpt":{"rendered":"<p>El aprendizaje, en la oferta VIRTUAL, se realiza a trav\u00e9s de: Material did\u00e1ctico.- Textos, separatas y videos, materiales que son entregados o socializados al inicio del per\u00edodo acad\u00e9mico.Gu\u00edas did\u00e1cticas.- Instrumento en el cual est\u00e1 la selecci\u00f3n de contenidos y organizados por semanas detallando las actividades para la exploraci\u00f3n de conocimientos mediante las actividades previas, la [&hellip;]<\/p>\n","protected":false},"author":4,"featured_media":0,"parent":0,"menu_order":0,"comment_status":"closed","ping_status":"closed","template":"","meta":{"footnotes":""},"class_list":["post-708","page","type-page","status-publish","hentry","wpbf-post"],"_links":{"self":[{"href":"https:\/\/tbg.nrr.temporary.site\/website_64a21a8e\/wp-json\/wp\/v2\/pages\/708","targetHints":{"allow":["GET"]}}],"collection":[{"href":"https:\/\/tbg.nrr.temporary.site\/website_64a21a8e\/wp-json\/wp\/v2\/pages"}],"about":[{"href":"https:\/\/tbg.nrr.temporary.site\/website_64a21a8e\/wp-json\/wp\/v2\/types\/page"}],"author":[{"embeddable":true,"href":"https:\/\/tbg.nrr.temporary.site\/website_64a21a8e\/wp-json\/wp\/v2\/users\/4"}],"replies":[{"embeddable":true,"href":"https:\/\/tbg.nrr.temporary.site\/website_64a21a8e\/wp-json\/wp\/v2\/comments?post=708"}],"version-history":[{"count":4,"href":"https:\/\/tbg.nrr.temporary.site\/website_64a21a8e\/wp-json\/wp\/v2\/pages\/708\/revisions"}],"predecessor-version":[{"id":1429,"href":"https:\/\/tbg.nrr.temporary.site\/website_64a21a8e\/wp-json\/wp\/v2\/pages\/708\/revisions\/1429"}],"wp:attachment":[{"href":"https:\/\/tbg.nrr.temporary.site\/website_64a21a8e\/wp-json\/wp\/v2\/media?parent=708"}],"curies":[{"name":"wp","href":"https:\/\/api.w.org\/{rel}","templated":true}]}}