{"id":697,"date":"2024-04-12T08:31:31","date_gmt":"2024-04-12T13:31:31","guid":{"rendered":"https:\/\/tbg.nrr.temporary.site\/website_64a21a8e\/?page_id=697"},"modified":"2024-05-22T09:28:44","modified_gmt":"2024-05-22T14:28:44","slug":"semipresencial","status":"publish","type":"page","link":"https:\/\/tbg.nrr.temporary.site\/website_64a21a8e\/semipresencial\/","title":{"rendered":"SEMIPRESENCIAL"},"content":{"rendered":"\n<figure class=\"wp-block-image aligncenter size-large is-resized\"><img loading=\"lazy\" decoding=\"async\" width=\"1024\" height=\"724\" src=\"https:\/\/tbg.nrr.temporary.site\/website_64a21a8e\/wp-content\/uploads\/2024\/05\/Horario-de-Clases-Escuela-Juvenil-Colorido-Azul-2-1024x724.png\" alt=\"\" class=\"wp-image-1426\" style=\"width:764px;height:auto\" srcset=\"https:\/\/tbg.nrr.temporary.site\/website_64a21a8e\/wp-content\/uploads\/2024\/05\/Horario-de-Clases-Escuela-Juvenil-Colorido-Azul-2-1024x724.png 1024w, https:\/\/tbg.nrr.temporary.site\/website_64a21a8e\/wp-content\/uploads\/2024\/05\/Horario-de-Clases-Escuela-Juvenil-Colorido-Azul-2-300x212.png 300w, https:\/\/tbg.nrr.temporary.site\/website_64a21a8e\/wp-content\/uploads\/2024\/05\/Horario-de-Clases-Escuela-Juvenil-Colorido-Azul-2-768x543.png 768w, https:\/\/tbg.nrr.temporary.site\/website_64a21a8e\/wp-content\/uploads\/2024\/05\/Horario-de-Clases-Escuela-Juvenil-Colorido-Azul-2-1536x1086.png 1536w, https:\/\/tbg.nrr.temporary.site\/website_64a21a8e\/wp-content\/uploads\/2024\/05\/Horario-de-Clases-Escuela-Juvenil-Colorido-Azul-2.png 2000w\" sizes=\"auto, (max-width: 1024px) 100vw, 1024px\" \/><\/figure>\n\n\n\n<p class=\"has-white-color has-vivid-cyan-blue-background-color has-text-color has-background has-link-color has-medium-font-size wp-elements-236b1740d1f4cbd42341bb25613fd59c\"><strong>El aprendizaje, en la oferta semiprencial, se realiza a trav\u00e9s de:<\/strong><\/p>\n\n\n\n<p class=\"has-black-color has-pale-cyan-blue-background-color has-text-color has-background has-link-color has-medium-font-size wp-elements-6f647d211b735a0c3a1a800074567bef\"><strong>Material didactico.-<\/strong>Textos, separatas y videos, materiales que son entregados o socializados al inicio del per\u00edodo acad\u00e9mico.<br><strong>Gu\u00edas did\u00e1cticas.-<\/strong> Instrumento en el cual est\u00e1 la selecci\u00f3n de contenidos y organizados por semanas detallando las actividades para la exploraci\u00f3n de conocimientos mediante las actividades previas, la distribuci\u00f3n de la tem\u00e1tica a trabajar cada semana y las actividades de evaluaci\u00f3n y seguimiento del aprendizaje.<br><strong>Reuni\u00f3n presencial.-<\/strong> Obligatoria de doble jornada una vez por semana de 8h00 a 15h30.<br><strong>Tutor\u00edas Virtuales complementarias.-<\/strong> En la cual el estudiante es orientado, apoyado y evaluado en el avance de su aprendizaje<\/p>\n\n\n\n<p><\/p>\n","protected":false},"excerpt":{"rendered":"<p>El aprendizaje, en la oferta semiprencial, se realiza a trav\u00e9s de: Material didactico.-Textos, separatas y videos, materiales que son entregados o socializados al inicio del per\u00edodo acad\u00e9mico.Gu\u00edas did\u00e1cticas.- Instrumento en el cual est\u00e1 la selecci\u00f3n de contenidos y organizados por semanas detallando las actividades para la exploraci\u00f3n de conocimientos mediante las actividades previas, la distribuci\u00f3n [&hellip;]<\/p>\n","protected":false},"author":4,"featured_media":0,"parent":0,"menu_order":0,"comment_status":"closed","ping_status":"closed","template":"","meta":{"footnotes":""},"class_list":["post-697","page","type-page","status-publish","hentry","wpbf-post"],"_links":{"self":[{"href":"https:\/\/tbg.nrr.temporary.site\/website_64a21a8e\/wp-json\/wp\/v2\/pages\/697","targetHints":{"allow":["GET"]}}],"collection":[{"href":"https:\/\/tbg.nrr.temporary.site\/website_64a21a8e\/wp-json\/wp\/v2\/pages"}],"about":[{"href":"https:\/\/tbg.nrr.temporary.site\/website_64a21a8e\/wp-json\/wp\/v2\/types\/page"}],"author":[{"embeddable":true,"href":"https:\/\/tbg.nrr.temporary.site\/website_64a21a8e\/wp-json\/wp\/v2\/users\/4"}],"replies":[{"embeddable":true,"href":"https:\/\/tbg.nrr.temporary.site\/website_64a21a8e\/wp-json\/wp\/v2\/comments?post=697"}],"version-history":[{"count":8,"href":"https:\/\/tbg.nrr.temporary.site\/website_64a21a8e\/wp-json\/wp\/v2\/pages\/697\/revisions"}],"predecessor-version":[{"id":1430,"href":"https:\/\/tbg.nrr.temporary.site\/website_64a21a8e\/wp-json\/wp\/v2\/pages\/697\/revisions\/1430"}],"wp:attachment":[{"href":"https:\/\/tbg.nrr.temporary.site\/website_64a21a8e\/wp-json\/wp\/v2\/media?parent=697"}],"curies":[{"name":"wp","href":"https:\/\/api.w.org\/{rel}","templated":true}]}}