{"id":662,"date":"2023-02-24T19:08:48","date_gmt":"2023-02-25T00:08:48","guid":{"rendered":"https:\/\/tbg.nrr.temporary.site\/website_64a21a8e\/?page_id=662"},"modified":"2024-05-01T19:38:12","modified_gmt":"2024-05-02T00:38:12","slug":"mision-y-vision","status":"publish","type":"page","link":"https:\/\/tbg.nrr.temporary.site\/website_64a21a8e\/mision-y-vision\/","title":{"rendered":"MISI\u00d3N Y VISI\u00d3N"},"content":{"rendered":"\n<figure class=\"wp-block-image aligncenter size-full is-resized\"><img loading=\"lazy\" decoding=\"async\" width=\"497\" height=\"499\" src=\"https:\/\/tbg.nrr.temporary.site\/website_64a21a8e\/wp-content\/uploads\/2024\/04\/cropped-logounedi-removebg-preview-3.png\" alt=\"\" class=\"wp-image-768\" style=\"width:307px;height:auto\" srcset=\"https:\/\/tbg.nrr.temporary.site\/website_64a21a8e\/wp-content\/uploads\/2024\/04\/cropped-logounedi-removebg-preview-3.png 497w, https:\/\/tbg.nrr.temporary.site\/website_64a21a8e\/wp-content\/uploads\/2024\/04\/cropped-logounedi-removebg-preview-3-300x300.png 300w, https:\/\/tbg.nrr.temporary.site\/website_64a21a8e\/wp-content\/uploads\/2024\/04\/cropped-logounedi-removebg-preview-3-150x150.png 150w\" sizes=\"auto, (max-width: 497px) 100vw, 497px\" \/><\/figure>\n\n\n\n<p class=\"has-text-align-center has-white-color has-midnight-gradient-background has-text-color has-background has-link-color wp-elements-49d40a5606540148012c42c33cfcfb64\"><strong>MISI\u00d3N DE LA UNEDI<\/strong><\/p>\n\n\n\n<p class=\"has-pale-cyan-blue-background-color has-background\">La UNEDI es una Instituci\u00f3n de Educaci\u00f3n alternativa para los sectores marginados de la educaci\u00f3n regular presencial, que tiene como misi\u00f3n esencial contribuir a la formaci\u00f3n integral de bachilleres en ciencias y t\u00e9cnicos con excelente calidad acad\u00e9mica, y valores humanos, \u00e9ticos, cristianos y c\u00edvicos, capaces de continuar los estudios, insertarse y\/o mejorar su desempe\u00f1o en el mercado ocupacional y ser ente activo en el desarrollo de la comunidad.<\/p>\n\n\n\n<p class=\"has-text-align-center has-white-color has-midnight-gradient-background has-text-color has-background has-link-color wp-elements-c7188b291192af2ee404074ce5cbc763\"><strong>VISI\u00d3N DE LA UNEDI<\/strong><\/p>\n\n\n\n<p class=\"has-pale-cyan-blue-background-color has-background\">La Unidad Educativa P.C.E.I. Imbabura se propone ser una Instituci\u00f3n Educativa con excelencia en los procesos acad\u00e9micos y administrativos; actualizada tecnol\u00f3gicamente, personal altamente calificado e infraestructura f\u00edsica propia, destinada a lograr el desarrollo de participantes con alto grado de valores humanos, c\u00edvicos, morales y cristianos.<\/p>\n","protected":false},"excerpt":{"rendered":"<p>MISI\u00d3N DE LA UNEDI La UNEDI es una Instituci\u00f3n de Educaci\u00f3n alternativa para los sectores marginados de la educaci\u00f3n regular presencial, que tiene como misi\u00f3n esencial contribuir a la formaci\u00f3n integral de bachilleres en ciencias y t\u00e9cnicos con excelente calidad acad\u00e9mica, y valores humanos, \u00e9ticos, cristianos y c\u00edvicos, capaces de continuar los estudios, insertarse y\/o [&hellip;]<\/p>\n","protected":false},"author":1,"featured_media":0,"parent":0,"menu_order":0,"comment_status":"closed","ping_status":"closed","template":"","meta":{"footnotes":""},"class_list":["post-662","page","type-page","status-publish","hentry","wpbf-post"],"_links":{"self":[{"href":"https:\/\/tbg.nrr.temporary.site\/website_64a21a8e\/wp-json\/wp\/v2\/pages\/662","targetHints":{"allow":["GET"]}}],"collection":[{"href":"https:\/\/tbg.nrr.temporary.site\/website_64a21a8e\/wp-json\/wp\/v2\/pages"}],"about":[{"href":"https:\/\/tbg.nrr.temporary.site\/website_64a21a8e\/wp-json\/wp\/v2\/types\/page"}],"author":[{"embeddable":true,"href":"https:\/\/tbg.nrr.temporary.site\/website_64a21a8e\/wp-json\/wp\/v2\/users\/1"}],"replies":[{"embeddable":true,"href":"https:\/\/tbg.nrr.temporary.site\/website_64a21a8e\/wp-json\/wp\/v2\/comments?post=662"}],"version-history":[{"count":7,"href":"https:\/\/tbg.nrr.temporary.site\/website_64a21a8e\/wp-json\/wp\/v2\/pages\/662\/revisions"}],"predecessor-version":[{"id":1393,"href":"https:\/\/tbg.nrr.temporary.site\/website_64a21a8e\/wp-json\/wp\/v2\/pages\/662\/revisions\/1393"}],"wp:attachment":[{"href":"https:\/\/tbg.nrr.temporary.site\/website_64a21a8e\/wp-json\/wp\/v2\/media?parent=662"}],"curies":[{"name":"wp","href":"https:\/\/api.w.org\/{rel}","templated":true}]}}