{"id":660,"date":"2023-02-24T19:07:59","date_gmt":"2023-02-25T00:07:59","guid":{"rendered":"https:\/\/tbg.nrr.temporary.site\/website_64a21a8e\/?page_id=660"},"modified":"2024-05-01T19:44:42","modified_gmt":"2024-05-02T00:44:42","slug":"presentacion","status":"publish","type":"page","link":"https:\/\/tbg.nrr.temporary.site\/website_64a21a8e\/presentacion\/","title":{"rendered":"\u00bfQUIENES SOMOS?"},"content":{"rendered":"\n<p>La Unidad Educativa P.C.E.I Imbabura UNEDI, pertenece al Subsistema Nacional de Educaci\u00f3n Semipresencial \u201cMonse\u00f1or Le\u00f3nidas Proa\u00f1o\u201d legalmente reconocida por el Ministerio de Educaci\u00f3n, mediante Acuerdo Ministerial No.- 1544 del 29 de Octubre de 1991.<\/p>\n\n\n\n<p>La Unidad Educativa Imbabura PCEI &#8211; UNEDI le extiende la m\u00e1s cordial bienvenida a la Modalidad de estudio, y pone en consideraci\u00f3n el presente documento para su orientaci\u00f3n y apoyo en el camino del aprendizaje aut\u00f3nomo.<\/p>\n\n\n\n<p>Este manual es un instrumento de informaci\u00f3n y apoyo que le permitir\u00e1 conocer datos importantes de la instituci\u00f3n, proceso de formaci\u00f3n estudiantil, normatividad de la instituci\u00f3n a la que usted pertenece, con el fin de orientarle y ayudarle para un aprendizaje \u00f3ptimo.<br>Entre los datos relevantes de la instituci\u00f3n, est\u00e1 la Biograf\u00eda de Monse\u00f1or Leonidas Proa\u00f1o nuestro patrono; en el que se resalta su filosof\u00eda, vida, obras misma que es esencial motivaci\u00f3n para todos quienes formamos parte de esta instituci\u00f3n.<\/p>\n\n\n\n<p>La misi\u00f3n y visi\u00f3n est\u00e1 reflejada en la vida y obras de monse\u00f1or Le\u00f3nidas Proa\u00f1o, para una educaci\u00f3n integral personalizada.<\/p>\n\n\n\n<p>El Org\u00e1nico Funcional, presenta jer\u00e1rquicamente la organizaci\u00f3n de toda la comunidad educativa.<\/p>\n\n\n\n<p>La instituci\u00f3n cuenta con Educaci\u00f3n General B\u00e1sica Superior y las siguientes especialidades en bachillerato: Bachillerato General Unificado (BGU) para primero; segundo y tercero, T\u00e9cnico de Servicios especialidad: Contabilidad, T\u00e9cnico Agropecuario, Especialidad: Producciones Agropecuarias.<br>La metodolog\u00eda de estudio ofrece el proceso de aprendizaje, en el que combina la preparaci\u00f3n acad\u00e9mica que debe realizar el estudiante en casa durante la semana y la jornada presencial con el tutor.<\/p>\n\n\n\n<p>En el presente manual damos a conocer Disposiciones Generales referente a deberes y derechos del estudiante en base al REGLAMENTO GENERAL A LEY ORG\u00c1NICA DE EDUCACI\u00d3N INTERCULTURAL del 26 de julio del 2012, publicada en el registro oficial No.- 754.<\/p>\n\n\n\n<p>Lo expuesto anteriormente contribuir\u00e1 como gu\u00eda en el proceso educativo y el desaf\u00edo que implica superarse.<\/p>\n\n\n\n<p class=\"has-text-align-center has-white-color has-midnight-gradient-background has-text-color has-background has-link-color wp-elements-a9bc2c4c9e72923acc7ce698d51571ca\" style=\"font-size:29px\">PERSONAL DOCENTE<\/p>\n\n\n\n<figure class=\"wp-block-image aligncenter size-full\"><img loading=\"lazy\" decoding=\"async\" width=\"973\" height=\"552\" src=\"https:\/\/tbg.nrr.temporary.site\/website_64a21a8e\/wp-content\/uploads\/2024\/05\/IMG_20240416_130205.jpg\" alt=\"\" class=\"wp-image-1364\" srcset=\"https:\/\/tbg.nrr.temporary.site\/website_64a21a8e\/wp-content\/uploads\/2024\/05\/IMG_20240416_130205.jpg 973w, https:\/\/tbg.nrr.temporary.site\/website_64a21a8e\/wp-content\/uploads\/2024\/05\/IMG_20240416_130205-300x170.jpg 300w, https:\/\/tbg.nrr.temporary.site\/website_64a21a8e\/wp-content\/uploads\/2024\/05\/IMG_20240416_130205-768x436.jpg 768w\" sizes=\"auto, (max-width: 973px) 100vw, 973px\" \/><\/figure>\n","protected":false},"excerpt":{"rendered":"<p>La Unidad Educativa P.C.E.I Imbabura UNEDI, pertenece al Subsistema Nacional de Educaci\u00f3n Semipresencial \u201cMonse\u00f1or Le\u00f3nidas Proa\u00f1o\u201d legalmente reconocida por el Ministerio de Educaci\u00f3n, mediante Acuerdo Ministerial No.- 1544 del 29 de Octubre de 1991. La Unidad Educativa Imbabura PCEI &#8211; UNEDI le extiende la m\u00e1s cordial bienvenida a la Modalidad de estudio, y pone en [&hellip;]<\/p>\n","protected":false},"author":1,"featured_media":0,"parent":0,"menu_order":0,"comment_status":"closed","ping_status":"closed","template":"","meta":{"footnotes":""},"class_list":["post-660","page","type-page","status-publish","hentry","wpbf-post"],"_links":{"self":[{"href":"https:\/\/tbg.nrr.temporary.site\/website_64a21a8e\/wp-json\/wp\/v2\/pages\/660","targetHints":{"allow":["GET"]}}],"collection":[{"href":"https:\/\/tbg.nrr.temporary.site\/website_64a21a8e\/wp-json\/wp\/v2\/pages"}],"about":[{"href":"https:\/\/tbg.nrr.temporary.site\/website_64a21a8e\/wp-json\/wp\/v2\/types\/page"}],"author":[{"embeddable":true,"href":"https:\/\/tbg.nrr.temporary.site\/website_64a21a8e\/wp-json\/wp\/v2\/users\/1"}],"replies":[{"embeddable":true,"href":"https:\/\/tbg.nrr.temporary.site\/website_64a21a8e\/wp-json\/wp\/v2\/comments?post=660"}],"version-history":[{"count":8,"href":"https:\/\/tbg.nrr.temporary.site\/website_64a21a8e\/wp-json\/wp\/v2\/pages\/660\/revisions"}],"predecessor-version":[{"id":1399,"href":"https:\/\/tbg.nrr.temporary.site\/website_64a21a8e\/wp-json\/wp\/v2\/pages\/660\/revisions\/1399"}],"wp:attachment":[{"href":"https:\/\/tbg.nrr.temporary.site\/website_64a21a8e\/wp-json\/wp\/v2\/media?parent=660"}],"curies":[{"name":"wp","href":"https:\/\/api.w.org\/{rel}","templated":true}]}}